{"id":3244,"date":"2024-03-19T20:57:26","date_gmt":"2024-03-19T20:57:26","guid":{"rendered":"https:\/\/kidpillow.eu\/product\/zebras-multifunkcionals-spilvens\/"},"modified":"2025-06-02T10:20:14","modified_gmt":"2025-06-02T10:20:14","slug":"zebras-multifunkcionals-spilvens","status":"publish","type":"product","link":"https:\/\/kidpillow.eu\/lv\/product\/zebras-multifunkcionals-spilvens\/","title":{"rendered":"Zebras multifunkcion\u0101ls spilvens"},"content":{"rendered":"<ol>\n<li><strong>Baro\u0161anas &#8211; multifunkcion\u0101lais spilvens:<\/strong>\n<ol>\n<li><strong>Atbalsta b\u0113rna galvu un kaklu:<\/strong> Kid&#8217;s spilvens sniedz b\u0113rnam \u012bpa\u0161i m\u012bkstu atbalstu galvai un kaklam, kam\u0113r b\u0113rns gu\u013c j\u016bsu rok\u0101s un bauda malt\u012bti. \u0112rti lietot gan z\u012bd\u012b\u0161anas laik\u0101, gan kad barojiet ar pudel\u012bti.<\/li>\n<li> <strong>Viegli p\u0101rn\u0113s\u0101jams un lietojams: <\/strong> B\u0113rnu spilvenu var viegli un dro\u0161i piestiprin\u0101t pie rokas, k\u0101 ar\u012b, ja ce\u013cojiet, piestiprin\u0101t pie somas vai \u010demod\u0101na. Regul\u0113jamais klipsis nodro\u0161ina cie\u0161u piegul\u0161anu, t\u0101p\u0113c \u0113rtais spilvens nekad nesl\u012bd\u0113s un nekust\u0113sies, kad j\u016bsu b\u0113rns atp\u016b\u0161as j\u016bsu rok\u0101s.<\/li>\n<li><strong>Funkcion\u0101ls:<\/strong> Kad j\u016bs nebarojat mazuli, Kid&#8217;pillow var atv\u0113rt, lai izveidotu m\u0101j\u012bgu vietu, kur j\u016bsu mazulim atp\u016bsties, vai ar\u012b, kad b\u0113rns ir gatavs gul\u0113t uz spilvena, to var izmantot k\u0101 pirmo spilvenu. Spilvens b\u016bs piem\u0113rots no b\u0113rna pirmaj\u0101m dien\u0101m l\u012bdz pat b\u0113rnud\u0101rza vecumam.<\/li>\n<li><strong>Dro\u0161i un mazg\u0101jami materi\u0101li:<\/strong> Tas ir \u013coti iztur\u012bgs, antialer\u0123isks un saudz\u012bgs pret mazu\u013ca \u0101du. Spilvens ir dro\u0161i mazg\u0101jams, nodro\u0161inot ilgtsp\u0113j\u012bgu lieto\u0161anu.<\/li>\n<li><strong>Izm\u0113rs: 30 cm x 50 cm<\/strong><\/li>\n<\/ol>\n<p><strong>Ra\u017eots Latvij\u0101<\/strong><\/li>\n<\/ol>\n","protected":false},"excerpt":{"rendered":"<p>KidPillow spilvens sniedz b\u0113rnam \u012bpa\u0161i m\u012bkstu atbalstu galvai un kaklam, kam\u0113r b\u0113rns gu\u013c j\u016bsu rok\u0101s un bauda malt\u012bti. \u0112rti lietot gan z\u012bd\u012b\u0161anas, gan kad barojiet ar pudel\u012bti.<\/p>\n","protected":false},"featured_media":2387,"comment_status":"open","ping_status":"closed","template":"","meta":{"_acf_changed":false},"product_brand":[],"product_cat":[75],"product_tag":[],"class_list":{"0":"post-3244","1":"product","2":"type-product","3":"status-publish","4":"has-post-thumbnail","6":"product_cat-barosanas-spilveni","8":"first","9":"instock","10":"purchasable","11":"product-type-simple"},"acf":[],"_links":{"self":[{"href":"https:\/\/kidpillow.eu\/lv\/wp-json\/wp\/v2\/product\/3244","targetHints":{"allow":["GET"]}}],"collection":[{"href":"https:\/\/kidpillow.eu\/lv\/wp-json\/wp\/v2\/product"}],"about":[{"href":"https:\/\/kidpillow.eu\/lv\/wp-json\/wp\/v2\/types\/product"}],"replies":[{"embeddable":true,"href":"https:\/\/kidpillow.eu\/lv\/wp-json\/wp\/v2\/comments?post=3244"}],"wp:featuredmedia":[{"embeddable":true,"href":"https:\/\/kidpillow.eu\/lv\/wp-json\/wp\/v2\/media\/2387"}],"wp:attachment":[{"href":"https:\/\/kidpillow.eu\/lv\/wp-json\/wp\/v2\/media?parent=3244"}],"wp:term":[{"taxonomy":"product_brand","embeddable":true,"href":"https:\/\/kidpillow.eu\/lv\/wp-json\/wp\/v2\/product_brand?post=3244"},{"taxonomy":"product_cat","embeddable":true,"href":"https:\/\/kidpillow.eu\/lv\/wp-json\/wp\/v2\/product_cat?post=3244"},{"taxonomy":"product_tag","embeddable":true,"href":"https:\/\/kidpillow.eu\/lv\/wp-json\/wp\/v2\/product_tag?post=3244"}],"curies":[{"name":"wp","href":"https:\/\/api.w.org\/{rel}","templated":true}]}}