{"id":3153,"date":"2024-07-25T08:12:24","date_gmt":"2024-07-25T08:12:24","guid":{"rendered":"https:\/\/kidpillow.eu\/product\/spilvens\/"},"modified":"2024-07-25T08:12:24","modified_gmt":"2024-07-25T08:12:24","slug":"spilvens","status":"publish","type":"product","link":"https:\/\/kidpillow.eu\/lv\/product\/spilvens\/","title":{"rendered":"Spilvens"},"content":{"rendered":"<div class=\"elementor-element elementor-element-1280515 elementor-widget elementor-widget-heading\" data-id=\"1280515\" data-element_type=\"widget\" data-widget_type=\"heading.default\">\n<div class=\"elementor-widget-container\">\n<h2 class=\"elementor-heading-title elementor-size-default\"><strong style=\"font-size: 16px;\">Trikot\u0101\u017eas auduma gultasve\u013ca nodro\u0161ina greznu un m\u0101j\u012bgu atp\u016btu gul\u0113\u0161anas laik\u0101. L\u016bk, k\u0101p\u0113c:<\/strong><\/h2>\n<\/div>\n<\/div>\n<div class=\"elementor-element elementor-element-1f947c6 elementor-widget elementor-widget-woocommerce-product-content\" data-id=\"1f947c6\" data-element_type=\"widget\" data-widget_type=\"woocommerce-product-content.default\">\n<div class=\"elementor-widget-container\">\n<ol>\n<li><strong>M\u012bkstums:<\/strong> Trikot\u0101\u017eas audums ir paz\u012bstams ar savu izcilo maigumu, ko bie\u017ei vien sal\u012bdzina ar j\u016bsu iecien\u012bt\u0101ko, labi valk\u0101jamo T-kreklu. T\u0101p\u0113c uz t\u0101 ir neticami \u0113rti gul\u0113t, un tas nodro\u0161ina maigu un nomierino\u0161u saj\u016btu pret \u0101du.<\/li>\n<li><strong>Izstiepjas:<\/strong> Viena no trikot\u0101\u017eas auduma rakstur\u012bgaj\u0101m \u012bpa\u0161\u012bb\u0101m ir t\u0101 elast\u012bba. \u0160\u012b elast\u012bba \u013cauj gultasve\u013cai piel\u0101goties j\u016bsu \u0137erme\u0146a formai, nodro\u0161inot matra\u010da bl\u012bvumu un komfortu.<\/li>\n<li><strong>Elpojam\u012bba:<\/strong> Trikot\u0101\u017eas audums ir \u013coti elpojo\u0161s, \u013caujot gaisam br\u012bvi cirkul\u0113t caur materi\u0101lu. Tas pal\u012bdz regul\u0113t \u0137erme\u0146a temperat\u016bru miega laik\u0101, saglab\u0101jot v\u0113sumu un komfortu visu nakti.<\/li>\n<li><strong>Iztur\u012bba:<\/strong> Neskatoties uz to, ka trikot\u0101\u017eas audums ir m\u012bksts un maigs, tas ir p\u0101rsteidzo\u0161i iztur\u012bgs. Tas var iztur\u0113t regul\u0101ru mazg\u0101\u0161anu un lieto\u0161anu, nezaud\u0113jot formu un m\u012bkstumu, t\u0101p\u0113c tas ir ilgtsp\u0113j\u012bgs ieguld\u012bjums j\u016bsu gultasve\u013c\u0101.<\/li>\n<li><strong>Viegla kop\u0161ana:<\/strong> Trikot\u0101\u017eas audums ir viegli kopjams. To var mazg\u0101t ve\u013cas mazg\u0101jamaj\u0101 ma\u0161\u012bn\u0101 un prasa minim\u0101lu gludin\u0101\u0161anu, t\u0101p\u0113c ir ide\u0101li piem\u0113rota aiz\u0146emtam dz\u012bvesveidam.<\/li>\n<li><strong>Izm\u0113rs: 30 cm X 50 cm<\/strong><\/li>\n<\/ol>\n<p>Kopum\u0101 trikot\u0101\u017eas auduma gultasve\u013ca apvieno komfortu, iztur\u012bbu un vieglu kop\u0161anu, padarot to par popul\u0101ru izv\u0113li tiem, kas mekl\u0113 m\u0101j\u012bgu un maigu miega vidi. Neatkar\u012bgi no t\u0101, vai j\u016bs ejat gul\u0113t uz nakti, vai apgu\u013caties, lai atp\u016bstos, trikot\u0101\u017eas gultasve\u013ca ir ide\u0101ls komforta un stila apvienojums.<\/p>\n<p><strong>Ra\u017eots Latvij\u0101<\/strong><\/p>\n<\/div>\n<\/div>\n","protected":false},"excerpt":{"rendered":"<div class=\"elementor-element elementor-element-1280515 elementor-widget elementor-widget-heading\" data-id=\"1280515\" data-element_type=\"widget\" data-widget_type=\"heading.default\">\n<div class=\"elementor-widget-container\"><\/div>\n<\/div>\n<div class=\"elementor-element elementor-element-1f947c6 elementor-widget elementor-widget-woocommerce-product-content\" data-id=\"1f947c6\" data-element_type=\"widget\" data-widget_type=\"woocommerce-product-content.default\">\n<div class=\"elementor-widget-container\">\n<p>Spilvenu var izmantot gan gul\u0113\u0161anai, gan k\u0101 dekorat\u012bvu elementu b\u0113rna istab\u0101 vai viesistab\u0101.<\/p>\n<\/div>\n<\/div>\n","protected":false},"featured_media":3042,"comment_status":"open","ping_status":"closed","template":"","meta":{"_acf_changed":false},"product_brand":[],"product_cat":[76,77],"product_tag":[],"class_list":{"0":"post-3153","1":"product","2":"type-product","3":"status-publish","4":"has-post-thumbnail","6":"product_cat-gultas-vela","7":"product_cat-spilvens","9":"first","10":"instock","11":"taxable","12":"shipping-taxable","13":"purchasable","14":"product-type-variable"},"acf":[],"_links":{"self":[{"href":"https:\/\/kidpillow.eu\/lv\/wp-json\/wp\/v2\/product\/3153","targetHints":{"allow":["GET"]}}],"collection":[{"href":"https:\/\/kidpillow.eu\/lv\/wp-json\/wp\/v2\/product"}],"about":[{"href":"https:\/\/kidpillow.eu\/lv\/wp-json\/wp\/v2\/types\/product"}],"replies":[{"embeddable":true,"href":"https:\/\/kidpillow.eu\/lv\/wp-json\/wp\/v2\/comments?post=3153"}],"wp:featuredmedia":[{"embeddable":true,"href":"https:\/\/kidpillow.eu\/lv\/wp-json\/wp\/v2\/media\/3042"}],"wp:attachment":[{"href":"https:\/\/kidpillow.eu\/lv\/wp-json\/wp\/v2\/media?parent=3153"}],"wp:term":[{"taxonomy":"product_brand","embeddable":true,"href":"https:\/\/kidpillow.eu\/lv\/wp-json\/wp\/v2\/product_brand?post=3153"},{"taxonomy":"product_cat","embeddable":true,"href":"https:\/\/kidpillow.eu\/lv\/wp-json\/wp\/v2\/product_cat?post=3153"},{"taxonomy":"product_tag","embeddable":true,"href":"https:\/\/kidpillow.eu\/lv\/wp-json\/wp\/v2\/product_tag?post=3153"}],"curies":[{"name":"wp","href":"https:\/\/api.w.org\/{rel}","templated":true}]}}