{"id":3268,"date":"2024-04-05T07:49:01","date_gmt":"2024-04-05T07:49:01","guid":{"rendered":"https:\/\/kidpillow.eu\/drosibas-instrukcija\/"},"modified":"2025-06-02T12:47:21","modified_gmt":"2025-06-02T12:47:21","slug":"drosibas-instrukcija","status":"publish","type":"page","link":"https:\/\/kidpillow.eu\/lv\/drosibas-instrukcija\/","title":{"rendered":"Dro\u0161\u012bbas instrukcija."},"content":{"rendered":"\t\t<div data-elementor-type=\"wp-page\" data-elementor-id=\"3268\" class=\"elementor elementor-3268 elementor-661\" data-elementor-post-type=\"page\">\n\t\t\t\t<div class=\"elementor-element elementor-element-e562bd7 e-flex e-con-boxed e-con e-parent\" data-id=\"e562bd7\" data-element_type=\"container\">\n\t\t\t\t\t<div class=\"e-con-inner\">\n\t\t\t\t<div class=\"elementor-element elementor-element-dc85f22 elementor-widget elementor-widget-text-editor\" data-id=\"dc85f22\" data-element_type=\"widget\" data-widget_type=\"text-editor.default\">\n\t\t\t\t<div class=\"elementor-widget-container\">\n\t\t\t\t\t\t\t\t\t<p><strong>Dro\u0161\u012bbas instrukcija baro\u0161anas-multifunkcion\u0101lajam spilvenam.<\/strong><\/p><p>    <strong>Uzraudz\u012bba:<\/strong> Lietojot baro\u0161anas-multifunkcion\u0101lo spilvenu, vienm\u0113r r\u016bp\u012bgi uzraugiet savu mazuli. Neatst\u0101jiet savu mazuli bez uzraudz\u012bbas.<\/p><p>  <strong>Pareiza lieto\u0161ana:<\/strong> Izmantojiet baro\u0161anas-multifunkcion\u0101lo spilvenu tikai paredz\u0113tajam m\u0113r\u0137im \u2014 lai sniegtu atbalstu baro\u0161anas ar kr\u016bti vai pudel\u012btes baro\u0161anas laik\u0101, n\u0113s\u0101jot to uz rokas.<\/p><p>    <strong>Poz\u012bcija:<\/strong> P\u0101rliecinieties, vai baro\u0161anas spilvens ir pareizi novietots ap j\u016bsu roku un zem mazu\u013ca galvas un \u0137erme\u0146a. B\u0113rna galvai j\u0101b\u016bt atbalst\u012btai un paceltai, lai nov\u0113rstu nosmak\u0161anas risku.<\/p><p>    <strong>Dro\u0161a izmanto\u0161ana:<\/strong>P\u0101rliecinieties, vai baro\u0161anas spilvens ir dro\u0161i piestiprin\u0101ts pie rokas, lai baro\u0161anas laik\u0101 nov\u0113rstu nejau\u0161u sl\u012bd\u0113\u0161anu vai p\u0101rvieto\u0161anos.<\/p><p>    <strong>Izvair\u012b\u0161an\u0101s no nosmak\u0161anas riska:<\/strong> Nekad ne\u013caujiet mazu\u013ca sejai piespiesties pie baro\u0161anas spilvena. Vienm\u0113r p\u0101rliecinieties, ka ap b\u0113rna degunu un muti ir pietiekama gaisa pl\u016bsma.<\/p><p>    <strong>Sarg\u0101t no uguns:<\/strong> Lai izvair\u012btos no ugunsgr\u0113ka riska, turiet spilvenu prom no atkl\u0101tas liesmas, sild\u012bt\u0101jiem un citiem siltuma avotiem.<\/p><p>    <strong>Mazg\u0101\u0161anas instrukcija:<\/strong> Iev\u0113rojiet ra\u017eot\u0101ja nor\u0101d\u012bjumus par spilvena regul\u0101ru t\u012br\u012b\u0161anu, lai uztur\u0113tu higi\u0113nu un nov\u0113rstu bakt\u0113riju vai pel\u0113juma uzkr\u0101\u0161anos.<\/p><p>    <strong>Uzglab\u0101\u0161ana:<\/strong> Uzglab\u0101jiet spilvenu dro\u0161\u0101 viet\u0101, prom no m\u0101jdz\u012bvniekiem, asiem priek\u0161metiem un tie\u0161iem saules stariem, kad tas netiek lietots.<\/p><p>    <strong>Vecuma un svara ierobe\u017eojumi: <\/strong>Lietojiet spilvenu tikai b\u0113rniem, kuru vecuma un svara ierobe\u017eojumi atbilst ra\u017eot\u0101ja noteiktajiem.<\/p><p> <strong>Regul\u0101ri p\u0101rbaudiet:<\/strong> Regul\u0101ri p\u0101rbaudiet spilvenu, vai nav nodiluma paz\u012bmju, tostarp va\u013c\u012bgas v\u012bles vai boj\u0101ti lipek\u013ci.. P\u0101rtrauciet lieto\u0161anu, ja tiek konstat\u0113ti k\u0101di defekti.<\/p><p>    <strong>Do Not Overload:<\/strong> Do not overload the wearable nursing pillow with additional weight or objects.<\/p><p>    <strong>Lieto\u0161ana \u0101rpus telp\u0101m:<\/strong> Iev\u0113rojiet piesardz\u012bbu, lietojot spilvenu \u0101rpus telp\u0101m. Esiet uzman\u012bgi pret apk\u0101rt\u0113jo vidi un nodro\u0161iniet dro\u0161u vidi bez jebk\u0101diem apdraud\u0113jumiem.<\/p><p>    <strong>Iev\u0113rojiet vesel\u012bbas apr\u016bpes sniedz\u0113ja ieteikumus:<\/strong> ja jums ir k\u0101das ba\u017eas par spilvena lieto\u0161anu, konsult\u0113jieties ar savu vesel\u012bbas apr\u016bpes sniedz\u0113ju, lai sa\u0146emtu nor\u0101d\u012bjumus un ieteikumus.<\/p><p>Vienm\u0113r nodro\u0161iniet sava mazu\u013ca dro\u0161\u012bbu, atbild\u012bgi lietojot spilvenu un r\u016bp\u012bgi iev\u0113rojot \u0161os dro\u0161\u012bbas nor\u0101d\u012bjumus.<\/p>\t\t\t\t\t\t\t\t<\/div>\n\t\t\t\t<\/div>\n\t\t\t\t\t<\/div>\n\t\t\t\t<\/div>\n\t\t\t\t<\/div>\n\t\t","protected":false},"excerpt":{"rendered":"<p>Dro\u0161\u012bbas instrukcija baro\u0161anas-multifunkcion\u0101lajam spilvenam. Uzraudz\u012bba: Lietojot baro\u0161anas-multifunkcion\u0101lo spilvenu, vienm\u0113r r\u016bp\u012bgi uzraugiet savu mazuli. Neatst\u0101jiet savu mazuli bez uzraudz\u012bbas. Pareiza lieto\u0161ana: Izmantojiet baro\u0161anas-multifunkcion\u0101lo spilvenu tikai paredz\u0113tajam m\u0113r\u0137im \u2014 lai sniegtu atbalstu baro\u0161anas ar kr\u016bti vai pudel\u012btes baro\u0161anas laik\u0101, n\u0113s\u0101jot to uz rokas. Poz\u012bcija: P\u0101rliecinieties, vai baro\u0161anas spilvens ir pareizi novietots ap j\u016bsu roku un zem mazu\u013ca [&hellip;]<\/p>\n","protected":false},"author":2,"featured_media":0,"parent":0,"menu_order":0,"comment_status":"closed","ping_status":"closed","template":"","meta":{"_acf_changed":false,"footnotes":""},"class_list":["post-3268","page","type-page","status-publish","hentry"],"acf":[],"_links":{"self":[{"href":"https:\/\/kidpillow.eu\/lv\/wp-json\/wp\/v2\/pages\/3268","targetHints":{"allow":["GET"]}}],"collection":[{"href":"https:\/\/kidpillow.eu\/lv\/wp-json\/wp\/v2\/pages"}],"about":[{"href":"https:\/\/kidpillow.eu\/lv\/wp-json\/wp\/v2\/types\/page"}],"author":[{"embeddable":true,"href":"https:\/\/kidpillow.eu\/lv\/wp-json\/wp\/v2\/users\/2"}],"replies":[{"embeddable":true,"href":"https:\/\/kidpillow.eu\/lv\/wp-json\/wp\/v2\/comments?post=3268"}],"version-history":[{"count":1,"href":"https:\/\/kidpillow.eu\/lv\/wp-json\/wp\/v2\/pages\/3268\/revisions"}],"predecessor-version":[{"id":3269,"href":"https:\/\/kidpillow.eu\/lv\/wp-json\/wp\/v2\/pages\/3268\/revisions\/3269"}],"wp:attachment":[{"href":"https:\/\/kidpillow.eu\/lv\/wp-json\/wp\/v2\/media?parent=3268"}],"curies":[{"name":"wp","href":"https:\/\/api.w.org\/{rel}","templated":true}]}}