{"id":3266,"date":"2024-02-04T21:29:16","date_gmt":"2024-02-04T21:29:16","guid":{"rendered":"https:\/\/kidpillow.eu\/konfidencialitates-politika\/"},"modified":"2025-06-02T11:01:09","modified_gmt":"2025-06-02T11:01:09","slug":"konfidencialitates-politika","status":"publish","type":"page","link":"https:\/\/kidpillow.eu\/lv\/konfidencialitates-politika\/","title":{"rendered":"Konfidencialit\u0101tes politika"},"content":{"rendered":"\t\t<div data-elementor-type=\"wp-page\" data-elementor-id=\"3266\" class=\"elementor elementor-3266 elementor-67\" data-elementor-post-type=\"page\">\n\t\t\t\t<div class=\"elementor-element elementor-element-e07d438 e-flex e-con-boxed e-con e-parent\" data-id=\"e07d438\" data-element_type=\"container\">\n\t\t\t\t\t<div class=\"e-con-inner\">\n\t\t\t\t<div class=\"elementor-element elementor-element-08f5783 elementor-widget elementor-widget-text-editor\" data-id=\"08f5783\" data-element_type=\"widget\" data-widget_type=\"text-editor.default\">\n\t\t\t\t<div class=\"elementor-widget-container\">\n\t\t\t\t\t\t\t\t\t<div class=\"flex flex-grow flex-col max-w-full\">\n<div class=\"min-h-[20px] text-message flex flex-col items-start gap-3 whitespace-pre-wrap break-words [.text-message+&amp;]:mt-5 overflow-x-auto\" data-message-author-role=\"assistant\" data-message-id=\"90ca5015-e150-491b-9969-71fb82c3dc80\">\n<div class=\"markdown prose w-full break-words dark:prose-invert dark\">\n<p><strong>Konfidencialit\u0101tes politika<\/strong><\/p>\n<p>Sp\u0113k\u0101 st\u0101\u0161an\u0101s datums: 22.03.2024.<\/p>\n<p>Paldies, ka apmekl\u0113j\u0101t Kid Pillow SIA (\u201cKid Pillow\u201d, \u201cm\u0113s\u201d, \u201cm\u016bs\u201d vai \u201cm\u016bsu\u201d) t\u012bmek\u013ca vietni kidpillow.eu (\u201cVietne\u201d). Kid Pillow ap\u0146emas aizsarg\u0101t j\u016bsu priv\u0101tumu. \u0160aj\u0101 konfidencialit\u0101tes politik\u0101 ir izskaidrots, k\u0101 m\u0113s v\u0101cam, izmantojam, izpau\u017eam un aizsarg\u0101jam j\u016bsu inform\u0101ciju, kad apmekl\u0113jat m\u016bsu T\u012bmek\u013ca vietni. L\u016bdzu, uzman\u012bgi izlasiet \u0161o Priv\u0101tuma politiku. Ja nepiekr\u012btat \u0161\u012bs Priv\u0101tuma politikas noteikumiem, l\u016bdzu, neapmekl\u0113jiet T\u012bmek\u013ca vietni.    <\/p>\n<p><strong>J\u016bsu inform\u0101cijas apstr\u0101de<\/strong><\/p>\n<p>M\u0113s varam apstr\u0101d\u0101t inform\u0101ciju par jums da\u017e\u0101dos veidos. Inform\u0101cija, ko m\u0113s varam apstr\u0101d\u0101t T\u012bmek\u013ca vietn\u0113, ietver: <\/p>\n<ul>\n<li>Personas dati: Personas dati: personiski identific\u0113jama inform\u0101cija, piem\u0113ram, j\u016bsu v\u0101rds, e-pasta adrese un t\u0101lru\u0146a numurs, ko j\u016bs br\u012bvpr\u0101t\u012bgi sniedzat mums, kad sazin\u0101ties ar mums vai re\u0123istr\u0113jaties m\u016bsu jaunumu sa\u0146em\u0161anai.<\/li>\n<li>Maks\u0101jumu dati: M\u0113s varam v\u0101kt datus, kas nepiecie\u0161ami, lai apstr\u0101d\u0101tu j\u016bsu maks\u0101jumu, ja veicat pirkumus, piem\u0113ram, j\u016bsu maks\u0101juma veida numuru (piem\u0113ram, kred\u012btkartes numuru) un dro\u0161\u012bbas kodu, kas saist\u012bts ar j\u016bsu maks\u0101jumu veidu.<\/li>\n<li>Lieto\u0161anas dati: M\u0113s varam autom\u0101tiski v\u0101kt noteiktu inform\u0101ciju, kad j\u016bs apmekl\u0113jat m\u016bsu vietni, tostarp j\u016bsu IP adresi, p\u0101rl\u016bkprogrammas veidu, oper\u0113t\u0101jsist\u0113mu, atsauces URL, piek\u013cuves laiku un skat\u012bt\u0101s lapas.<\/li>\n<li>Inform\u0101cija par ier\u012bci: M\u0113s varam v\u0101kt inform\u0101ciju par ier\u012bci, ko izmantojat, lai piek\u013c\u016btu m\u016bsu vietnei, tostarp aparat\u016bras modeli, oper\u0113t\u0101jsist\u0113mu un versiju, unik\u0101los ier\u012bces identifikatorus un inform\u0101ciju par mobilo t\u012bklu.<\/li>\n<li>S\u012bkfaili: M\u0113s varam izmantot s\u012bkfailus, lai uzlabotu j\u016bsu pieredzi m\u016bsu t\u012bmek\u013ca vietn\u0113. S\u012bkfaili ir nelieli datu faili, ko t\u012bmek\u013ca vietne saglab\u0101 j\u016bsu p\u0101rl\u016bkprogramm\u0101. Jums ir iesp\u0113ja pie\u0146emt vai noraid\u012bt \u0161\u012bs s\u012bkdatnes un zin\u0101t, kad s\u012bkdatne tiek nos\u016bt\u012bta uz j\u016bsu datoru. Ja izv\u0113laties atteikties no m\u016bsu s\u012bkdatn\u0113m, iesp\u0113jams, nevar\u0113siet izmantot da\u017eas m\u016bsu T\u012bmek\u013ca vietnes da\u013cas.   <\/li>\n<\/ul>\n<p><strong>J\u016bsu inform\u0101cijas izmanto\u0161ana<\/strong><\/p>\n<p>M\u0113s varam izmantot par jums sav\u0101kto inform\u0101ciju da\u017e\u0101diem m\u0113r\u0137iem, tostarp, lai:<\/p>\n<ul>\n<li>nodro\u0161in\u0101t, uztur\u0113t un uzlabot m\u016bsu T\u012bmek\u013ca vietni;<\/li>\n<li>Sniegt jums inform\u0101ciju vai pakalpojumus, ko esat mums piepras\u012bjis;<\/li>\n<li>Inform\u0113t j\u016bs par izmai\u0146\u0101m m\u016bsu T\u012bmek\u013ca vietn\u0113;<\/li>\n<li>izpild\u012bt jebkuru citu m\u0113r\u0137i, k\u0101dam j\u016bs to sniedzat;<\/li>\n<li>pild\u012bt m\u016bsu saist\u012bbas un \u012bstenot m\u016bsu ties\u012bbas, kas izriet no jebk\u0101diem l\u012bgumiem, kuri nosl\u0113gti starp jums un mums;<\/li>\n<li>aizsarg\u0101t m\u016bsu ties\u012bbas, nov\u0113rst kr\u0101p\u0161anu un nodro\u0161in\u0101t atbilst\u012bbu m\u016bsu politik\u0101m;<\/li>\n<li>p\u0101rraudz\u012bt un analiz\u0113t T\u012bmek\u013ca vietnes izmanto\u0161anu;<\/li>\n<li>Atbild\u0113t uz j\u016bsu piepras\u012bjumiem un atbalsta piepras\u012bjumiem; un<\/li>\n<li>s\u016bt\u012bt jums m\u0101rketinga un rekl\u0101mas pazi\u0146ojumus.<\/li>\n<\/ul>\n<p><strong>J\u016bsu inform\u0101cijas izpau\u0161ana<\/strong><\/p>\n<p>M\u0113s varam kop\u012bgot j\u016bsu inform\u0101ciju ar tre\u0161aj\u0101m pus\u0113m \u0161aj\u0101 konfidencialit\u0101tes politik\u0101 aprakst\u012btajos nol\u016bkos vai datu v\u0101k\u0161anas laik\u0101 jums atkl\u0101tajos nol\u016bkos. M\u0113s varam izpaust j\u016bsu inform\u0101ciju: <\/p>\n<ul>\n<li>pakalpojumu sniedz\u0113jiem, kuriem ir nepiecie\u0161ama piek\u013cuve \u0161\u0101dai inform\u0101cijai, lai veiktu darbu m\u016bsu v\u0101rd\u0101;<\/li>\n<li>Tre\u0161\u0101s puses, kur\u0101m j\u016bs vai j\u016bsu p\u0101rst\u0101vji pilnvarojat m\u016bs izpaust j\u016bsu personisko inform\u0101ciju saist\u012bb\u0101 ar produktiem vai pakalpojumiem, ko m\u0113s jums sniedzam; un<\/li>\n<li>citas tre\u0161\u0101s puses ar j\u016bsu piekri\u0161anu.<\/li>\n<\/ul>\n<p><strong>J\u016bsu inform\u0101cijas dro\u0161\u012bba<\/strong><\/p>\n<p>M\u0113s izmantojam administrat\u012bvus, tehniskus un fiziskus dro\u0161\u012bbas pas\u0101kumus, lai pal\u012bdz\u0113tu aizsarg\u0101t j\u016bsu personisko inform\u0101ciju. Tom\u0113r neviena datu p\u0101rraide internet\u0101 vai elektronisk\u0101s glab\u0101\u0161anas metode nav 100% dro\u0161a. T\u0101p\u0113c, lai gan m\u0113s cen\u0161amies izmantot komerci\u0101li pie\u0146emamus l\u012bdzek\u013cus, lai aizsarg\u0101tu j\u016bsu personisko inform\u0101ciju, m\u0113s nevaram garant\u0113t t\u0101s piln\u012bgu dro\u0161\u012bbu.  <\/p>\n<p><strong>B\u0113rnu priv\u0101tums<\/strong><\/p>\n<p>M\u016bsu T\u012bmek\u013ca vietne nav paredz\u0113ta b\u0113rniem, kas jaun\u0101ki par 13 gadiem. Ja esat jaun\u0101ks par 13 gadiem, l\u016bdzu, nesniedziet m\u016bsu T\u012bmek\u013ca vietn\u0113 nek\u0101du personisku inform\u0101ciju. <\/p>\n<p><strong>Izmai\u0146as \u0161aj\u0101 konfidencialit\u0101tes politik\u0101<\/strong><\/p>\n<p>M\u0113s paturam ties\u012bbas jebkur\u0101 laik\u0101 atjaunin\u0101t vai main\u012bt savu konfidencialit\u0101tes politiku. Iesak\u0101m periodiski p\u0101rskat\u012bt \u0161o Konfidencialit\u0101tes politiku, lai uzzin\u0101tu par izmai\u0146\u0101m. Turpinot izmantot T\u012bmek\u013ca vietni p\u0113c tam, kad m\u0113s \u0161aj\u0101 lap\u0101 public\u0113jam jebk\u0101das izmai\u0146as Priv\u0101tuma politik\u0101, j\u016bs atz\u012bstat, ka piekr\u012btat izmai\u0146\u0101m, un piekr\u012btat iev\u0113rot un iev\u0113rot groz\u012bto Priv\u0101tuma politiku un uz\u0146emties t\u0101s saist\u012bbas.  <\/p>\n<p><strong>Sazinieties ar mums<\/strong><\/p>\n<p>Ja jums ir k\u0101di jaut\u0101jumi par \u0161o konfidencialit\u0101tes politiku, l\u016bdzu, sazinieties ar mums, rakstot uz \u0161\u0101du adresi:<\/p>\n<p>Kid Pillow SIA <br>E-pasts: info@kidpillow.eu<br>T\u0101lrunis: +371 28213733, +371 28606207<\/p>\n<p>Izmantojot m\u016bsu T\u012bmek\u013ca vietni, j\u016bs piekr\u012btat m\u016bsu konfidencialit\u0101tes politikai un piekr\u012btat t\u0101s noteikumiem.<\/p>\n<p>\u0160\u012b konfidencialit\u0101tes politika p\u0113d\u0113jo reizi tika atjaunin\u0101ta 22.03.2024. gad\u0101.<\/p>\n<\/div>\n<\/div>\n<\/div>\t\t\t\t\t\t\t\t<\/div>\n\t\t\t\t<\/div>\n\t\t\t\t\t<\/div>\n\t\t\t\t<\/div>\n\t\t\t\t<\/div>\n\t\t","protected":false},"excerpt":{"rendered":"<p>Konfidencialit\u0101tes politika Sp\u0113k\u0101 st\u0101\u0161an\u0101s datums: 22.03.2024. Paldies, ka apmekl\u0113j\u0101t Kid Pillow SIA (\u201cKid Pillow\u201d, \u201cm\u0113s\u201d, \u201cm\u016bs\u201d vai \u201cm\u016bsu\u201d) t\u012bmek\u013ca vietni kidpillow.eu (\u201cVietne\u201d). Kid Pillow ap\u0146emas aizsarg\u0101t j\u016bsu priv\u0101tumu. \u0160aj\u0101 konfidencialit\u0101tes politik\u0101 ir izskaidrots, k\u0101 m\u0113s v\u0101cam, izmantojam, izpau\u017eam un aizsarg\u0101jam j\u016bsu inform\u0101ciju, kad apmekl\u0113jat m\u016bsu T\u012bmek\u013ca vietni. L\u016bdzu, uzman\u012bgi izlasiet \u0161o Priv\u0101tuma politiku. Ja nepiekr\u012btat [&hellip;]<\/p>\n","protected":false},"author":1,"featured_media":0,"parent":0,"menu_order":0,"comment_status":"closed","ping_status":"closed","template":"","meta":{"_acf_changed":false,"footnotes":""},"class_list":["post-3266","page","type-page","status-publish","hentry"],"acf":[],"_links":{"self":[{"href":"https:\/\/kidpillow.eu\/lv\/wp-json\/wp\/v2\/pages\/3266","targetHints":{"allow":["GET"]}}],"collection":[{"href":"https:\/\/kidpillow.eu\/lv\/wp-json\/wp\/v2\/pages"}],"about":[{"href":"https:\/\/kidpillow.eu\/lv\/wp-json\/wp\/v2\/types\/page"}],"author":[{"embeddable":true,"href":"https:\/\/kidpillow.eu\/lv\/wp-json\/wp\/v2\/users\/1"}],"replies":[{"embeddable":true,"href":"https:\/\/kidpillow.eu\/lv\/wp-json\/wp\/v2\/comments?post=3266"}],"version-history":[{"count":1,"href":"https:\/\/kidpillow.eu\/lv\/wp-json\/wp\/v2\/pages\/3266\/revisions"}],"predecessor-version":[{"id":3267,"href":"https:\/\/kidpillow.eu\/lv\/wp-json\/wp\/v2\/pages\/3266\/revisions\/3267"}],"wp:attachment":[{"href":"https:\/\/kidpillow.eu\/lv\/wp-json\/wp\/v2\/media?parent=3266"}],"curies":[{"name":"wp","href":"https:\/\/api.w.org\/{rel}","templated":true}]}}