{"id":3254,"date":"2024-03-23T09:20:52","date_gmt":"2024-03-23T09:20:52","guid":{"rendered":"https:\/\/kidpillow.eu\/piegade-un-atgriesana\/"},"modified":"2025-06-02T10:33:45","modified_gmt":"2025-06-02T10:33:45","slug":"piegade-un-atgriesana","status":"publish","type":"page","link":"https:\/\/kidpillow.eu\/lv\/piegade-un-atgriesana\/","title":{"rendered":"Pieg\u0101de un atgrie\u0161ana"},"content":{"rendered":"\t\t<div data-elementor-type=\"wp-page\" data-elementor-id=\"3254\" class=\"elementor elementor-3254 elementor-498\" data-elementor-post-type=\"page\">\n\t\t\t\t<div class=\"elementor-element elementor-element-87a7d3f e-flex e-con-boxed e-con e-parent\" data-id=\"87a7d3f\" data-element_type=\"container\">\n\t\t\t\t\t<div class=\"e-con-inner\">\n\t\t\t\t<div class=\"elementor-element elementor-element-626cd6b elementor-widget elementor-widget-text-editor\" data-id=\"626cd6b\" data-element_type=\"widget\" data-widget_type=\"text-editor.default\">\n\t\t\t\t<div class=\"elementor-widget-container\">\n\t\t\t\t\t\t\t\t\t<div class=\"flex flex-grow flex-col max-w-full\"><div class=\"min-h-[20px] text-message flex flex-col items-start gap-3 whitespace-pre-wrap break-words [.text-message+&amp;]:mt-5 overflow-x-auto\" data-message-author-role=\"assistant\" data-message-id=\"3fc85571-7948-4bc1-a398-4ba41fd7bfe9\"><div class=\"markdown prose w-full break-words dark:prose-invert dark\"><p><strong>Pieg\u0101des un atgrie\u0161anas politika<\/strong><\/p><p><strong>Pieg\u0101des politika:<\/strong><\/p><p>Kid Pillow SIA m\u0113r\u0137is ir nodro\u0161in\u0101t \u0113rtas un uzticamas pieg\u0101des iesp\u0113jas m\u016bsu klientiem. M\u016bsu pieg\u0101des politika ir \u0161\u0101da:<\/p><p><strong>Omniva:<\/strong><\/p><ul><li>Pieg\u0101de Latvijas robe\u017e\u0101s ar pakom\u0101tu: \u20ac3,50<\/li><li>Pieg\u0101de Lietuvas un Igaunijas robe\u017e\u0101s: \u20ac5,00<\/li><li>Pieg\u0101de Latvijas teritorij\u0101 ar kurjeru: \u20ac8,00<\/li><li>Pieg\u0101de Lietuvas un Igaunijas robe\u017e\u0101s ar kurjeru: \u20ac11,00<\/li><\/ul><p><strong>Venipak:<\/strong><\/p><ul><li>Pieg\u0101de Latvijas robe\u017e\u0101s ar pakom\u0101tu: \u20ac2,50<\/li><li>Pieg\u0101de Lietuvas un Igaunijas robe\u017e\u0101s: \u20ac7,00<\/li><li>Pieg\u0101de Latvijas teritorij\u0101 ar kurjeru: \u20ac8,00<\/li><li>Pieg\u0101de Lietuvas un Igaunijas robe\u017e\u0101s ar kurjeru: \u20ac10,00<\/li><\/ul><p><strong>Pasta pakalpojums:<\/strong><\/p><ul><li>Pieg\u0101de uz Eiropu: \u20ac20,00 (iz\u0146emot Igauniju, Lietuvu)<\/li><li>Pieg\u0101de \u0101rpus ES: Cena p\u0113c piepras\u012bjuma<\/li><\/ul><p><strong>Bezmaksas pieg\u0101de:<\/strong><\/p><ul><li>Bezmaksas pieg\u0101de uz Latviju pas\u016bt\u012bjumiem no \u20ac50,00 un vair\u0101k<\/li><li>Bezmaksas pieg\u0101de uz Lietuvu, Igauniju pas\u016bt\u012bjumiem no \u20ac70,00 un vair\u0101k<\/li><li>Bezmaksas pieg\u0101de uz ES valst\u012bm pas\u016bt\u012bjumiem no 100,00 \u20ac un vair\u0101k<\/li><\/ul><p>L\u016bdzu, \u0146emiet v\u0113r\u0101, ka pieg\u0101des laiks var at\u0161\u0137irties atkar\u012bb\u0101 no j\u016bsu atra\u0161an\u0101s vietas un citiem faktoriem. M\u0113s cen\u0161amies \u0101tri apstr\u0101d\u0101t un nos\u016bt\u012bt pas\u016bt\u012bjumus, lai nodro\u0161in\u0101tu savlaic\u012bgu pieg\u0101di.<\/p><p><strong>Atgrie\u0161anas noteikumi:<\/strong><\/p><p>M\u0113s v\u0113lamies, lai j\u016bs b\u016btu piln\u012bb\u0101 apmierin\u0101ts ar pirkumu no Kid Pillow SIA. Ja k\u0101da iemesla d\u0113\u013c neesat apmierin\u0101ts, m\u016bsu atgrie\u0161anas politika \u013cauj atgriezt produktu ar \u0161\u0101diem nosac\u012bjumiem:<\/p><ul><li>Klients ir atbild\u012bgs par atpaka\u013cnos\u016bt\u012b\u0161anas izmaks\u0101m.<\/li><li>Produktiem j\u0101b\u016bt atgrieztiem neizmantotiem un ori\u0123in\u0101l\u0101 st\u0101vokl\u012b.<\/li><li>Pre\u010du atgrie\u0161ana tiek pie\u0146emta 15 dienu laik\u0101 no pas\u016bt\u012bjuma sa\u0146em\u0161anas dienas.<\/li><li>Naudas atmaksa tiks izsniegta tikai p\u0113c tam, kad m\u0113s b\u016bsim sa\u0146\u0113mu\u0161i atgriezto produktu un apstiprin\u0101ju\u0161i, ka tas nav lietots.<\/li><li>Maks\u0101juma atmaksa var aiz\u0146emt l\u012bdz 15 darba dien\u0101m.<\/li><\/ul><p>L\u016bdzu, \u0146emiet v\u0113r\u0101 \u0161\u0101du papildu inform\u0101ciju:<\/p><ul><li>Ja klients nesa\u0146em savu pas\u016bt\u012bjumu no nor\u0101d\u012bt\u0101s pakom\u0101tas, vi\u0146am tiks atmaks\u0101ta tikai produkta cena.<\/li><li>M\u0113s paturam ties\u012bbas atteikt atgrie\u0161anu, ja produkts neatbilst m\u016bsu atgrie\u0161anas politikas krit\u0113rijiem.<\/li><li>Atpaka\u013cnos\u016bt\u012b\u0161anas izmaksas netiek atmaks\u0101tas.<\/li><\/ul><p><strong>K\u0101 inici\u0113t atgrie\u0161anu:<\/strong><\/p><p>Lai uzs\u0101ktu atgrie\u0161anu, izpildiet \u0161\u0101das darb\u012bbas:<\/p><ol><li>Sazinieties ar m\u016bsu klientu apkalpo\u0161anas komandu pa t\u0101lruni [klientu apkalpo\u0161anas e-pasta adrese vai t\u0101lru\u0146a numurs], lai piepras\u012btu atgrie\u0161anas at\u013cauju.<\/li><li>Ja iesp\u0113jams, dro\u0161i iepakojiet izstr\u0101d\u0101jumu t\u0101 ori\u0123in\u0101laj\u0101 iepakojum\u0101.<\/li><li>Nos\u016btiet produktu atpaka\u013c mums, izmantojot izsekojamu pieg\u0101des metodi.<\/li><li>Tikl\u012bdz m\u0113s sa\u0146emsim atgriezto produktu un apstiprin\u0101sim t\u0101 st\u0101vokli, m\u0113s uzs\u0101ksim atmaksas procesu.<\/li><\/ol><p><strong>Sazinieties ar mums:<\/strong><\/p><p>Ja jums ir k\u0101di jaut\u0101jumi vai ba\u017eas par m\u016bsu pieg\u0101des un atgrie\u0161anas politiku, l\u016bdzu, sazinieties ar m\u016bsu klientu apkalpo\u0161anas komandu pa t\u0101lruni:<\/p><p>Kid Pillow SIA<br>E-pasts: info@kidpillow.eu<br>T\u0101lrunis: +371 28213733, +371 28606207<\/p><p>Paldies, ka izv\u0113l\u0113j\u0101ties Kid Pillow SIA. M\u0113s nov\u0113rt\u0113jam j\u016bs un cen\u0161amies nodro\u0161in\u0101t izcilu klientu apkalpo\u0161anu.<\/p><\/div><\/div><\/div>\t\t\t\t\t\t\t\t<\/div>\n\t\t\t\t<\/div>\n\t\t\t\t\t<\/div>\n\t\t\t\t<\/div>\n\t\t\t\t<\/div>\n\t\t","protected":false},"excerpt":{"rendered":"<p>Pieg\u0101des un atgrie\u0161anas politika Pieg\u0101des politika: Kid Pillow SIA m\u0113r\u0137is ir nodro\u0161in\u0101t \u0113rtas un uzticamas pieg\u0101des iesp\u0113jas m\u016bsu klientiem. M\u016bsu pieg\u0101des politika ir \u0161\u0101da: Omniva: Pieg\u0101de Latvijas robe\u017e\u0101s ar pakom\u0101tu: \u20ac3,50 Pieg\u0101de Lietuvas un Igaunijas robe\u017e\u0101s: \u20ac5,00 Pieg\u0101de Latvijas teritorij\u0101 ar kurjeru: \u20ac8,00 Pieg\u0101de Lietuvas un Igaunijas robe\u017e\u0101s ar kurjeru: \u20ac11,00 Venipak: Pieg\u0101de Latvijas robe\u017e\u0101s [&hellip;]<\/p>\n","protected":false},"author":1,"featured_media":0,"parent":0,"menu_order":0,"comment_status":"closed","ping_status":"closed","template":"","meta":{"_acf_changed":false,"footnotes":""},"class_list":["post-3254","page","type-page","status-publish","hentry"],"acf":[],"_links":{"self":[{"href":"https:\/\/kidpillow.eu\/lv\/wp-json\/wp\/v2\/pages\/3254","targetHints":{"allow":["GET"]}}],"collection":[{"href":"https:\/\/kidpillow.eu\/lv\/wp-json\/wp\/v2\/pages"}],"about":[{"href":"https:\/\/kidpillow.eu\/lv\/wp-json\/wp\/v2\/types\/page"}],"author":[{"embeddable":true,"href":"https:\/\/kidpillow.eu\/lv\/wp-json\/wp\/v2\/users\/1"}],"replies":[{"embeddable":true,"href":"https:\/\/kidpillow.eu\/lv\/wp-json\/wp\/v2\/comments?post=3254"}],"version-history":[{"count":5,"href":"https:\/\/kidpillow.eu\/lv\/wp-json\/wp\/v2\/pages\/3254\/revisions"}],"predecessor-version":[{"id":3259,"href":"https:\/\/kidpillow.eu\/lv\/wp-json\/wp\/v2\/pages\/3254\/revisions\/3259"}],"wp:attachment":[{"href":"https:\/\/kidpillow.eu\/lv\/wp-json\/wp\/v2\/media?parent=3254"}],"curies":[{"name":"wp","href":"https:\/\/api.w.org\/{rel}","templated":true}]}}