{"id":3252,"date":"2024-02-04T21:54:12","date_gmt":"2024-02-04T21:54:12","guid":{"rendered":"https:\/\/kidpillow.eu\/piegade-un-maksajumi\/"},"modified":"2025-06-02T10:30:43","modified_gmt":"2025-06-02T10:30:43","slug":"piegade-un-maksajumi","status":"publish","type":"page","link":"https:\/\/kidpillow.eu\/lv\/piegade-un-maksajumi\/","title":{"rendered":"Pieg\u0101de un maks\u0101jumi"},"content":{"rendered":"\t\t<div data-elementor-type=\"wp-page\" data-elementor-id=\"3252\" class=\"elementor elementor-3252 elementor-79\" data-elementor-post-type=\"page\">\n\t\t\t\t<div class=\"elementor-element elementor-element-aa180b5 e-flex e-con-boxed e-con e-parent\" data-id=\"aa180b5\" data-element_type=\"container\">\n\t\t\t\t\t<div class=\"e-con-inner\">\n\t\t\t\t<div class=\"elementor-element elementor-element-8235e58 elementor-widget elementor-widget-text-editor\" data-id=\"8235e58\" data-element_type=\"widget\" data-widget_type=\"text-editor.default\">\n\t\t\t\t<div class=\"elementor-widget-container\">\n\t\t\t\t\t\t\t\t\t<div class=\"flex flex-grow flex-col max-w-full\"><div class=\"min-h-[20px] text-message flex flex-col items-start gap-3 whitespace-pre-wrap break-words [.text-message+&amp;]:mt-5 overflow-x-auto\" data-message-author-role=\"assistant\" data-message-id=\"1162768f-ccd4-49c8-8f7a-4a7a66fbed72\"><div class=\"markdown prose w-full break-words dark:prose-invert dark\"><p><strong>Maks\u0101jumu inform\u0101cija<\/strong><\/p><p>Kid Pillow SIA saviem klientiem pied\u0101v\u0101 \u0113rtas un dro\u0161as maks\u0101jumu iesp\u0113jas. M\u016bsu maks\u0101jumu inform\u0101cija ir nor\u0101d\u012bta turpm\u0101k:<\/p><p><strong>Maks\u0101jumu metodes:<\/strong><\/p><ol><li><p><strong>Bankas saites maks\u0101jumi (izmantojot Montonio.com):<\/strong> M\u0113s pie\u0146emam maks\u0101jumus, izmantojot Montonio.com, kas pied\u0101v\u0101 bankas saites maks\u0101jumus. Tas \u013cauj klientiem veikt maks\u0101jumus tie\u0161i no sava bankas konta. M\u0113s pie\u0146emam visas liel\u0101k\u0101s Baltijas un ES bankas, lai veiktu maks\u0101jumus ar bankas saiti.<\/p><\/li><li><p><strong>Kar\u0161u maks\u0101jumi (izmantojot Stripe):<\/strong> M\u0113s pie\u0146emam ar\u012b kar\u0161u maks\u0101jumus, kas dro\u0161i apstr\u0101d\u0101ti, izmantojot Stripe. M\u0113s pie\u0146emam visas liel\u0101k\u0101s maks\u0101jumu kartes, nodro\u0161inot klientiem \u0113rtu nor\u0113\u0137inu iesp\u0113ju.<\/p><\/li><\/ol><p><strong>Atmaks\u0101\u0161anas noteikumi:<\/strong><\/p><ul><li>M\u0113s pied\u0101v\u0101jam atmaks\u0101t naudu par atgrieztajiem produktiem, kas ir t\u0101das pa\u0161as kvalit\u0101tes, k\u0101 tie tika pieg\u0101d\u0101ti.<\/li><li>Pieg\u0101des maksa nav atmaks\u0101jama, un klienti ir atbild\u012bgi par atgrie\u0161anas maksu.<\/li><li>Atmaksa tiek apstr\u0101d\u0101ta 15 darba dienu laik\u0101 no dienas, kad m\u0113s sa\u0146emam atgriezto produktu un apstiprin\u0101m t\u0101 st\u0101vokli.<\/li><\/ul><p><strong>Dro\u0161\u012bba un konfidencialit\u0101te:<\/strong><\/p><ul><li>M\u016bsu priorit\u0101te ir m\u016bsu klientu maks\u0101jumu inform\u0101cijas dro\u0161\u012bba un konfidencialit\u0101te. Montonio.com un Stripe ir uzticami maks\u0101jumu pakalpojumu sniedz\u0113ji, kas izmanto nozares standartu \u0161ifr\u0113\u0161anu, lai nodro\u0161in\u0101tu j\u016bsu maks\u0101jumu inform\u0101cijas dro\u0161\u012bbu.<\/li><\/ul><p><strong>Sazinieties ar mums:<\/strong><\/p><p>Ja jums ir k\u0101di jaut\u0101jumi vai ba\u017eas par maks\u0101jumiem vai atmaksu, l\u016bdzu, sazinieties ar m\u016bsu klientu apkalpo\u0161anas komandu pa t\u0101lruni:<\/p><p>Kid Pillow SIA<br>E-pasts: info@kidpillow.eu<br>T\u0101lrunis: +371 28606207<\/p><p>Paldies, ka izv\u0113l\u0113j\u0101ties Kid Pillow SIA. M\u0113s nov\u0113rt\u0113jam j\u016bs un cen\u0161amies saviem klientiem nodro\u0161in\u0101t nevainojamu iepirk\u0161an\u0101s pieredzi.<\/p><\/div><\/div><\/div>\t\t\t\t\t\t\t\t<\/div>\n\t\t\t\t<\/div>\n\t\t\t\t\t<\/div>\n\t\t\t\t<\/div>\n\t\t\t\t<\/div>\n\t\t","protected":false},"excerpt":{"rendered":"<p>Maks\u0101jumu inform\u0101cija Kid Pillow SIA saviem klientiem pied\u0101v\u0101 \u0113rtas un dro\u0161as maks\u0101jumu iesp\u0113jas. M\u016bsu maks\u0101jumu inform\u0101cija ir nor\u0101d\u012bta turpm\u0101k: Maks\u0101jumu metodes: Bankas saites maks\u0101jumi (izmantojot Montonio.com): M\u0113s pie\u0146emam maks\u0101jumus, izmantojot Montonio.com, kas pied\u0101v\u0101 bankas saites maks\u0101jumus. Tas \u013cauj klientiem veikt maks\u0101jumus tie\u0161i no sava bankas konta. M\u0113s pie\u0146emam visas liel\u0101k\u0101s Baltijas un ES bankas, lai [&hellip;]<\/p>\n","protected":false},"author":1,"featured_media":0,"parent":0,"menu_order":0,"comment_status":"closed","ping_status":"closed","template":"","meta":{"_acf_changed":false,"footnotes":""},"class_list":["post-3252","page","type-page","status-publish","hentry"],"acf":[],"_links":{"self":[{"href":"https:\/\/kidpillow.eu\/lv\/wp-json\/wp\/v2\/pages\/3252","targetHints":{"allow":["GET"]}}],"collection":[{"href":"https:\/\/kidpillow.eu\/lv\/wp-json\/wp\/v2\/pages"}],"about":[{"href":"https:\/\/kidpillow.eu\/lv\/wp-json\/wp\/v2\/types\/page"}],"author":[{"embeddable":true,"href":"https:\/\/kidpillow.eu\/lv\/wp-json\/wp\/v2\/users\/1"}],"replies":[{"embeddable":true,"href":"https:\/\/kidpillow.eu\/lv\/wp-json\/wp\/v2\/comments?post=3252"}],"version-history":[{"count":1,"href":"https:\/\/kidpillow.eu\/lv\/wp-json\/wp\/v2\/pages\/3252\/revisions"}],"predecessor-version":[{"id":3253,"href":"https:\/\/kidpillow.eu\/lv\/wp-json\/wp\/v2\/pages\/3252\/revisions\/3253"}],"wp:attachment":[{"href":"https:\/\/kidpillow.eu\/lv\/wp-json\/wp\/v2\/media?parent=3252"}],"curies":[{"name":"wp","href":"https:\/\/api.w.org\/{rel}","templated":true}]}}