{"id":3146,"date":"2024-02-04T21:53:27","date_gmt":"2024-02-04T21:53:27","guid":{"rendered":"https:\/\/kidpillow.eu\/par-mums\/"},"modified":"2025-05-29T10:29:08","modified_gmt":"2025-05-29T10:29:08","slug":"par-mums","status":"publish","type":"page","link":"https:\/\/kidpillow.eu\/lv\/par-mums\/","title":{"rendered":"Par mums"},"content":{"rendered":"\t\t<div data-elementor-type=\"wp-page\" data-elementor-id=\"3146\" class=\"elementor elementor-3146 elementor-75\" data-elementor-post-type=\"page\">\n\t\t\t\t<div class=\"elementor-element elementor-element-c3c685c e-flex e-con-boxed e-con e-parent\" data-id=\"c3c685c\" data-element_type=\"container\" data-settings=\"{&quot;background_background&quot;:&quot;classic&quot;}\">\n\t\t\t\t\t<div class=\"e-con-inner\">\n\t\t\t\t<div class=\"elementor-element elementor-element-39b4511 elementor-widget elementor-widget-heading\" data-id=\"39b4511\" data-element_type=\"widget\" data-widget_type=\"heading.default\">\n\t\t\t\t<div class=\"elementor-widget-container\">\n\t\t\t\t\t<h2 class=\"elementor-heading-title elementor-size-default\">Izgatavots priek\u0161 mamm\u0101m un t\u0113tiem, lai sniegtu tikai vislab\u0101ko m\u016bsu mazu\u013ciem<\/h2>\t\t\t\t<\/div>\n\t\t\t\t<\/div>\n\t\t\t\t<div class=\"elementor-element elementor-element-35897c6 elementor-widget elementor-widget-text-editor\" data-id=\"35897c6\" data-element_type=\"widget\" data-widget_type=\"text-editor.default\">\n\t\t\t\t<div class=\"elementor-widget-container\">\n\t\t\t\t\t\t\t\t\t<p>Laipni l\u016bgti <strong>KID&#8217;pillow<\/strong>, kur m\u0113s specializ\u0113jamies augst\u0101k\u0101s kvalit\u0101tes b\u0113rnu gultas ve\u013cas un z\u012bd\u012b\u0161anas &#8211; multifunkcion\u0101lo spilvenu izgatavo\u0161an\u0101, kas apvieno komfortu, dro\u0161\u012bbu un stilu. M\u016bsu ce\u013cojums s\u0101k\u0101s ar vienk\u0101r\u0161u v\u0113lmi &#8211; rad\u012bt produktus, kuriem vec\u0101ki uzticas un kurus m\u012bl b\u0113rni.<\/p>\t\t\t\t\t\t\t\t<\/div>\n\t\t\t\t<\/div>\n\t\t\t\t<div class=\"elementor-element elementor-element-5e50b22 elementor-widget elementor-widget-image\" data-id=\"5e50b22\" data-element_type=\"widget\" data-widget_type=\"image.default\">\n\t\t\t\t<div class=\"elementor-widget-container\">\n\t\t\t\t\t\t\t\t\t\t\t\t\t\t\t<img fetchpriority=\"high\" decoding=\"async\" width=\"1140\" height=\"178\" src=\"https:\/\/kidpillow.eu\/wp-content\/uploads\/2024\/02\/pillows-65c0b24281bfc.webp\" class=\"attachment-full size-full wp-image-1592\" alt=\"\" srcset=\"https:\/\/kidpillow.eu\/wp-content\/uploads\/2024\/02\/pillows-65c0b24281bfc.webp 1140w, https:\/\/kidpillow.eu\/wp-content\/uploads\/2024\/02\/pillows-65c0b24281bfc-600.webp 600w, https:\/\/kidpillow.eu\/wp-content\/uploads\/2024\/02\/pillows-65c0b24281bfc-300.webp 300w, https:\/\/kidpillow.eu\/wp-content\/uploads\/2024\/02\/pillows-65c0b24281bfc-150x150.webp 150w\" sizes=\"(max-width: 1140px) 100vw, 1140px\" \/>\t\t\t\t\t\t\t\t\t\t\t\t\t\t\t<\/div>\n\t\t\t\t<\/div>\n\t\t\t\t\t<\/div>\n\t\t\t\t<\/div>\n\t\t<div class=\"elementor-element elementor-element-68c2640 e-flex e-con-boxed e-con e-parent\" data-id=\"68c2640\" data-element_type=\"container\" data-settings=\"{&quot;background_background&quot;:&quot;classic&quot;}\">\n\t\t\t\t\t<div class=\"e-con-inner\">\n\t\t\t\t<div class=\"elementor-element elementor-element-9a3601e elementor-widget__width-inherit elementor-widget elementor-widget-heading\" data-id=\"9a3601e\" data-element_type=\"widget\" data-widget_type=\"heading.default\">\n\t\t\t\t<div class=\"elementor-widget-container\">\n\t\t\t\t\t<h2 class=\"elementor-heading-title elementor-size-default\">Iepaz\u012bstiet m\u016bs<\/h2>\t\t\t\t<\/div>\n\t\t\t\t<\/div>\n\t\t\t\t<div class=\"elementor-element elementor-element-7b4419d elementor-widget__width-inherit elementor-widget elementor-widget-text-editor\" data-id=\"7b4419d\" data-element_type=\"widget\" data-widget_type=\"text-editor.default\">\n\t\t\t\t<div class=\"elementor-widget-container\">\n\t\t\t\t\t\t\t\t\t<p>Piedalieties m\u016bsu ce\u013cojum\u0101 ar br\u012bni\u0161\u0137\u012bg\u0101m saj\u016bt\u0101m.<\/p>\t\t\t\t\t\t\t\t<\/div>\n\t\t\t\t<\/div>\n\t\t<div class=\"elementor-element elementor-element-e2310db e-con-full e-flex e-con e-child\" data-id=\"e2310db\" data-element_type=\"container\">\n\t\t\t\t<div class=\"elementor-element elementor-element-0a337fe elementor-widget__width-inherit elementor-widget elementor-widget-text-editor\" data-id=\"0a337fe\" data-element_type=\"widget\" data-widget_type=\"text-editor.default\">\n\t\t\t\t<div class=\"elementor-widget-container\">\n\t\t\t\t\t\t\t\t\t<p><strong>M\u0113s KID&#8217;pillow<\/strong> saprotam, cik svar\u012bgs ir labs miegs gan b\u0113rniem, gan vec\u0101kiem. T\u0101p\u0113c m\u0113s r\u016bp\u012bgi izstr\u0101d\u0101jam un izgatavojam savu gultas ve\u013cu, izmantojot tikai lab\u0101kos materi\u0101lus, nodro\u0161inot m\u0101j\u012bgu un mier\u012bgu vidi j\u016bsu mazu\u013ciem.<\/p><p>M\u016bsu z\u012bd\u012b\u0161anas-multifunkcion\u0101lie spilveni ir r\u016bp\u012bgi izstr\u0101d\u0101ti, lai atbalst\u012btu gan mammu, gan mazuli \u0161o \u012bpa\u0161o baro\u0161anas br\u012b\u017eu laik\u0101, veicinot komfortu un saikni. R\u016bp\u012bgi un ar v\u0113r\u012bbu izgatavoti pret deta\u013c\u0101m, tas b\u016bs b\u016btisks papildin\u0101jums jebkurai b\u0113rnistabai.<\/p><p>M\u0113s esam ap\u0146\u0113mu\u0161ies nodro\u0161in\u0101t izcilu klientu apkalpo\u0161anu un garant\u0113t, ka katrs produkts atbilst visaugst\u0101kajiem kvalit\u0101tes un dro\u0161\u012bbas standartiem. M\u0113s pa\u0161as esam mammas, t\u0101p\u0113c zin\u0101m, cik svar\u012bgi ir b\u016bt mier\u012bg\u0101m, kad runa ir par m\u016bsu b\u0113rna labsaj\u016btu.<\/p><p>Paldies, ka izv\u0113l\u0113j\u0101ties <strong>KID&#8217;pillow, j\u016bsu b\u0113rna labsaj\u016btai un miegam.<\/strong> M\u0113s ar nepaciet\u012bbu gaid\u0101m iesp\u0113ju b\u016bt da\u013cai no j\u016bsu \u0123imenes ce\u013cojuma un rad\u012bt prieka un mierin\u0101juma mirk\u013cus ce\u013c\u0101.<\/p>\t\t\t\t\t\t\t\t<\/div>\n\t\t\t\t<\/div>\n\t\t\t\t<div class=\"elementor-element elementor-element-28f4e49 elementor-widget elementor-widget-heading\" data-id=\"28f4e49\" data-element_type=\"widget\" data-widget_type=\"heading.default\">\n\t\t\t\t<div class=\"elementor-widget-container\">\n\t\t\t\t\t<h2 class=\"elementor-heading-title elementor-size-default\">Pievienojieties m\u016bsu kopienai \u0161odien<\/h2>\t\t\t\t<\/div>\n\t\t\t\t<\/div>\n\t\t\t\t<div class=\"elementor-element elementor-element-fb27afc elementor-widget elementor-widget-text-editor\" data-id=\"fb27afc\" data-element_type=\"widget\" data-widget_type=\"text-editor.default\">\n\t\t\t\t<div class=\"elementor-widget-container\">\n\t\t\t\t\t\t\t\t\t<p>Neatkar\u012bgi no t\u0101, kur tu atrodies, neatkar\u012bgi no t\u0101, kas tu esi.<\/p>\t\t\t\t\t\t\t\t<\/div>\n\t\t\t\t<\/div>\n\t\t\t\t<\/div>\n\t\t<div class=\"elementor-element elementor-element-375447f e-flex e-con-boxed e-con e-child\" data-id=\"375447f\" data-element_type=\"container\">\n\t\t\t\t\t<div class=\"e-con-inner\">\n\t\t\t\t<div class=\"elementor-element elementor-element-b53c310 elementor-widget elementor-widget-video\" data-id=\"b53c310\" data-element_type=\"widget\" data-settings=\"{&quot;youtube_url&quot;:&quot;https:\\\/\\\/www.youtube.com\\\/watch?v=Ukl_o1W3veE&quot;,&quot;video_type&quot;:&quot;youtube&quot;,&quot;controls&quot;:&quot;yes&quot;}\" data-widget_type=\"video.default\">\n\t\t\t\t<div class=\"elementor-widget-container\">\n\t\t\t\t\t\t\t<div class=\"elementor-wrapper elementor-open-inline\">\n\t\t\t<div class=\"elementor-video\"><\/div>\t\t<\/div>\n\t\t\t\t\t\t<\/div>\n\t\t\t\t<\/div>\n\t\t\t\t\t<\/div>\n\t\t\t\t<\/div>\n\t\t\t\t\t<\/div>\n\t\t\t\t<\/div>\n\t\t\t\t<\/div>\n\t\t","protected":false},"excerpt":{"rendered":"<p>Izgatavots priek\u0161 mamm\u0101m un t\u0113tiem, lai sniegtu tikai vislab\u0101ko m\u016bsu mazu\u013ciem Laipni l\u016bgti KID&#8217;pillow, kur m\u0113s specializ\u0113jamies augst\u0101k\u0101s kvalit\u0101tes b\u0113rnu gultas ve\u013cas un z\u012bd\u012b\u0161anas &#8211; multifunkcion\u0101lo spilvenu izgatavo\u0161an\u0101, kas apvieno komfortu, dro\u0161\u012bbu un stilu. M\u016bsu ce\u013cojums s\u0101k\u0101s ar vienk\u0101r\u0161u v\u0113lmi &#8211; rad\u012bt produktus, kuriem vec\u0101ki uzticas un kurus m\u012bl b\u0113rni. Iepaz\u012bstiet m\u016bs Piedalieties m\u016bsu ce\u013cojum\u0101 [&hellip;]<\/p>\n","protected":false},"author":1,"featured_media":0,"parent":0,"menu_order":0,"comment_status":"closed","ping_status":"closed","template":"","meta":{"_acf_changed":false,"footnotes":""},"class_list":["post-3146","page","type-page","status-publish","hentry"],"acf":[],"_links":{"self":[{"href":"https:\/\/kidpillow.eu\/lv\/wp-json\/wp\/v2\/pages\/3146","targetHints":{"allow":["GET"]}}],"collection":[{"href":"https:\/\/kidpillow.eu\/lv\/wp-json\/wp\/v2\/pages"}],"about":[{"href":"https:\/\/kidpillow.eu\/lv\/wp-json\/wp\/v2\/types\/page"}],"author":[{"embeddable":true,"href":"https:\/\/kidpillow.eu\/lv\/wp-json\/wp\/v2\/users\/1"}],"replies":[{"embeddable":true,"href":"https:\/\/kidpillow.eu\/lv\/wp-json\/wp\/v2\/comments?post=3146"}],"version-history":[{"count":1,"href":"https:\/\/kidpillow.eu\/lv\/wp-json\/wp\/v2\/pages\/3146\/revisions"}],"predecessor-version":[{"id":3147,"href":"https:\/\/kidpillow.eu\/lv\/wp-json\/wp\/v2\/pages\/3146\/revisions\/3147"}],"wp:attachment":[{"href":"https:\/\/kidpillow.eu\/lv\/wp-json\/wp\/v2\/media?parent=3146"}],"curies":[{"name":"wp","href":"https:\/\/api.w.org\/{rel}","templated":true}]}}